{"id":66221,"date":"2013-11-07T22:08:21","date_gmt":"2013-11-07T22:08:21","guid":{"rendered":"https:\/\/2026.lisbonsightsailing.com\/credits\/"},"modified":"2026-03-21T09:43:26","modified_gmt":"2026-03-21T09:43:26","slug":"credits","status":"publish","type":"page","link":"https:\/\/wpml.lisbonsightsailing.com\/fr\/credits\/","title":{"rendered":"Cr\u00e9dits"},"content":{"rendered":"\n<h3 class=\"wp-block-heading\" id=\"h-coordenacao-geral\">Coordination g\u00e9n\u00e9rale<\/h3>\n\n<p><\/p>\n\n<p><a href=\"https:\/\/www.realdreams.pt\/\" target=\"_blank\" rel=\"noreferrer noopener\">Real Dreams &#8211; Nous r\u00e9alisons tes r\u00eaves<\/a><\/p>\n\n<div style=\"height:40px\" aria-hidden=\"true\" class=\"wp-block-spacer\"><\/div>\n\n<h3 class=\"wp-block-heading\" id=\"h-identidade-corporativa\">Identit\u00e9 corporative<\/h3>\n\n<p><\/p>\n\n<p>MTNy &#8211; Manuel Taboada Nery <\/p>\n\n<div style=\"height:40px\" aria-hidden=\"true\" class=\"wp-block-spacer\"><\/div>\n\n<h3 class=\"wp-block-heading\" id=\"h-webdesign-e-implementacao\">Webdesign et mise en \u0153uvre<\/h3>\n\n<p><\/p>\n\n<p><a href=\"https:\/\/omeusite.pt\/\" target=\"_blank\" rel=\"noreferrer noopener\">OMeuSite.PT &#8211; Nous cr\u00e9ons des sites web<\/a><\/p>\n\n<div style=\"height:40px\" aria-hidden=\"true\" class=\"wp-block-spacer\"><\/div>\n\n<h3 class=\"wp-block-heading\" id=\"h-sistema-de-gestao-de-conteudos\">Syst\u00e8me de gestion de contenu<\/h3>\n\n<p><\/p>\n\n<p><a href=\"https:\/\/wordpress.org\/\" target=\"_blank\" rel=\"noreferrer noopener\">WordPress.org<\/a> <br\/>(Logiciel open source que tu peux utiliser pour cr\u00e9er un site web, un blog ou une application de qualit\u00e9).<\/p>\n\n<div style=\"height:40px\" aria-hidden=\"true\" class=\"wp-block-spacer\"><\/div>\n\n<h3 class=\"wp-block-heading\" id=\"h-edicao-e-manutencao\">\u00c9dition et maintenance<\/h3>\n\n<p><\/p>\n\n<p><a rel=\"noreferrer noopener\" href=\"https:\/\/www.realdreams.pt\/\" target=\"_blank\">Real Dreams &#8211; Nous r\u00e9alisons tes r\u00eaves<\/a><\/p>\n\n<div style=\"height:40px\" aria-hidden=\"true\" class=\"wp-block-spacer\"><\/div>\n\n<h3 class=\"wp-block-heading\" id=\"h-requisitos\">Pr\u00e9requis<\/h3>\n\n<p><\/p>\n\n<p>Ce <em>site web<\/em> est optimis\u00e9 pour Google Chrome 32.x et Mozilla Firefox 2.x. Une r\u00e9solution minimale de 1024&#215;768 est recommand\u00e9e. <\/p>\n\n<div style=\"height:40px\" aria-hidden=\"true\" class=\"wp-block-spacer\"><\/div>\n\n<h3 class=\"wp-block-heading\" id=\"h-privacidade\">Confidentialit\u00e9<\/h3>\n\n<p><\/p>\n\n<p>Real Dreams garantit la confidentialit\u00e9 de toute information personnelle que les utilisateurs fournissent par courrier \u00e9lectronique via ce <em>site web<\/em>. Les donn\u00e9es seront utilis\u00e9es exclusivement aux fins pr\u00e9vues et ne seront en aucun cas transmises \u00e0 d&#8217;autres personnes ou organisations. Real Dreams peut proc\u00e9der \u00e0 la collecte d&#8217;informations sur l&#8217;utilisation de cette application, uniquement \u00e0 des fins statistiques et de gestion.  <\/p>\n\n<div style=\"height:40px\" aria-hidden=\"true\" class=\"wp-block-spacer\"><\/div>\n\n<h3 class=\"wp-block-heading\" id=\"h-copyright\">Copyright<\/h3>\n\n<p><\/p>\n\n<p>Le contenu de ce site web est la propri\u00e9t\u00e9 de Real Dreams et des auteurs, lorsqu&#8217;ils sont indiqu\u00e9s. Son utilisation est libre \u00e0 des fins personnelles et \u00e9ducatives. La copie et l&#8217;utilisation de contenus \u00e0 d&#8217;autres fins sont interdites sans l&#8217;autorisation expresse de Real Dreams.  <\/p>\n\n<p>Contenus photographiques \u00a9 Pedro Rodrigues. Illustrations et infographie \u00a9 Manuel Nery. <\/p>\n\n<p>Textes \u00a9 Carlos C\u00e9sar.<\/p>\n\n<div style=\"height:40px\" aria-hidden=\"true\" class=\"wp-block-spacer\"><\/div>\n\n<h3 class=\"wp-block-heading\" id=\"h-limite-de-responsabilidade\">Limitation de responsabilit\u00e9<\/h3>\n\n<p><\/p>\n\n<p>Ce <em>site<\/em> est con\u00e7u pour fournir un service continu, 24h\/24 et 7j\/7. Cependant, Real Dreams d\u00e9cline toute responsabilit\u00e9 d\u00e9coulant d&#8217;\u00e9ventuelles interruptions de service, et de toute perte ou dommage r\u00e9sultant de son utilisation, ainsi que du service ou des contenus d&#8217;autres <em>sites web<\/em> vers lesquels il fournit des liens. Real Dreams se r\u00e9serve le droit d&#8217;effectuer, \u00e0 tout moment, les modifications qu&#8217;elle jugera n\u00e9cessaires aux contenus et fonctionnalit\u00e9s de ce <em>site<\/em>.  <\/p>\n\n<div style=\"height:40px\" aria-hidden=\"true\" class=\"wp-block-spacer\"><\/div>\n","protected":false},"excerpt":{"rendered":"<p>Et comme pour tout dans la vie, il faut \u00ab rendre \u00e0 C\u00e9sar ce qui est \u00e0 C\u00e9sar \u00bb. Ci-dessous se trouvent les principaux responsables du d\u00e9veloppement et de la maintenance de ce site web ainsi que d&#8217;autres informations utiles et l\u00e9gales. <\/p>\n","protected":false},"author":16,"featured_media":66222,"parent":0,"menu_order":130,"comment_status":"closed","ping_status":"closed","template":"","meta":{"_acf_changed":false,"footnotes":""},"estilo-lss":[],"hf_cat_page":[],"class_list":["post-66221","page","type-page","status-publish","has-post-thumbnail","hentry"],"acf":[],"_links":{"self":[{"href":"https:\/\/wpml.lisbonsightsailing.com\/fr\/wp-json\/wp\/v2\/pages\/66221","targetHints":{"allow":["GET"]}}],"collection":[{"href":"https:\/\/wpml.lisbonsightsailing.com\/fr\/wp-json\/wp\/v2\/pages"}],"about":[{"href":"https:\/\/wpml.lisbonsightsailing.com\/fr\/wp-json\/wp\/v2\/types\/page"}],"author":[{"embeddable":true,"href":"https:\/\/wpml.lisbonsightsailing.com\/fr\/wp-json\/wp\/v2\/users\/16"}],"replies":[{"embeddable":true,"href":"https:\/\/wpml.lisbonsightsailing.com\/fr\/wp-json\/wp\/v2\/comments?post=66221"}],"version-history":[{"count":0,"href":"https:\/\/wpml.lisbonsightsailing.com\/fr\/wp-json\/wp\/v2\/pages\/66221\/revisions"}],"wp:featuredmedia":[{"embeddable":true,"href":"https:\/\/wpml.lisbonsightsailing.com\/fr\/wp-json\/wp\/v2\/media\/66222"}],"wp:attachment":[{"href":"https:\/\/wpml.lisbonsightsailing.com\/fr\/wp-json\/wp\/v2\/media?parent=66221"}],"wp:term":[{"taxonomy":"estilo-lss","embeddable":true,"href":"https:\/\/wpml.lisbonsightsailing.com\/fr\/wp-json\/wp\/v2\/estilo-lss?post=66221"},{"taxonomy":"hf_cat_page","embeddable":true,"href":"https:\/\/wpml.lisbonsightsailing.com\/fr\/wp-json\/wp\/v2\/hf_cat_page?post=66221"}],"curies":[{"name":"wp","href":"https:\/\/api.w.org\/{rel}","templated":true}]}}