{"id":66201,"date":"2013-11-05T23:22:42","date_gmt":"2013-11-05T23:22:42","guid":{"rendered":"https:\/\/2026.lisbonsightsailing.com\/securite-equipements\/"},"modified":"2026-03-21T09:46:30","modified_gmt":"2026-03-21T09:46:30","slug":"securite-equipements","status":"publish","type":"page","link":"https:\/\/wpml.lisbonsightsailing.com\/fr\/securite-equipements\/","title":{"rendered":"S\u00e9curit\u00e9 &amp; \u00c9quipements"},"content":{"rendered":"\n<p>Les bateaux sont \u00e9quip\u00e9s de moyens de sauvetage, d\u2019\u00e9quipement radio, d\u2019une trousse de premiers secours ainsi que de divers \u00e9quipements conform\u00e9ment \u00e0 la l\u00e9gislation en vigueur. Ind\u00e9pendamment de ces pr\u00e9cautions, les passagers et l\u2019\u00e9quipage sont prot\u00e9g\u00e9s par des assurances responsabilit\u00e9 civile et accidents corporels. <\/p>\n\n<div style=\"height:40px\" aria-hidden=\"true\" class=\"wp-block-spacer\"><\/div>\n\n<h3 class=\"wp-block-heading\" id=\"h-equipamento-diverso\">\u00c9quipement divers<\/h3>\n\n<div style=\"height:40px\" aria-hidden=\"true\" class=\"wp-block-spacer\"><\/div>\n\n<p>\u2022 Pompe de cale<\/p>\n\n<p>\u2022 Extincteurs de 1 kg de poudre chimique<\/p>\n\n<p>\u2022 Extincteurs de 2 kg de poudre chimique<\/p>\n\n<p>\u2022 Compas magn\u00e9tique de route<\/p>\n\n<p>\u2022 Appareil de rel\u00e8vement azimutaux<\/p>\n\n<p>\u2022 Cartes marines \u00e0 jour<\/p>\n\n<p>\u2022 R\u00e9flecteur radar<\/p>\n\n<p>\u2022 Corne de brume, cloche, etc.<\/p>\n\n<p>\u2022 Fers \/ Ancres<\/p>\n\n<p>\u2022 C\u00e2bles d&#8217;amarrage et de remorquage<\/p>\n\n<p>\u2022 Couteau \u00e0 bout rond<\/p>\n\n<p>\u2022 Lampe \u00e9tanche et jeu de piles<\/p>\n\n<p>\u2022 Ampoule de rechange et jeu de piles<\/p>\n\n<p>\u2022 H\u00e9liographe<\/p>\n\n<p>\u2022 \u00c9chelle d&#8217;acc\u00e8s<\/p>\n\n<p>\u2022 Trousse de premiers secours<\/p>\n\n<div style=\"height:40px\" aria-hidden=\"true\" class=\"wp-block-spacer\"><\/div>\n\n<h3 class=\"wp-block-heading\" id=\"h-equipamento-radio\">\u00c9quipement radio<\/h3>\n\n<div style=\"height:40px\" aria-hidden=\"true\" class=\"wp-block-spacer\"><\/div>\n\n<p>\u2022 VHF (Radiot\u00e9l\u00e9phonie) + Appel S\u00e9lectif Num\u00e9rique<\/p>\n\n<p>\u2022 Source d&#8217;\u00e9nergie de secours (au-del\u00e0 de 15 m)<\/p>\n\n<div style=\"height:40px\" aria-hidden=\"true\" class=\"wp-block-spacer\"><\/div>\n\n<h3 class=\"wp-block-heading\" id=\"h-meios-de-salvacao\">Moyens de sauvetage<\/h3>\n\n<div style=\"height:40px\" aria-hidden=\"true\" class=\"wp-block-spacer\"><\/div>\n\n<p>\u2022 Radeau pneumatique ou radeau gonflable<\/p>\n\n<p>\u2022 Bou\u00e9es de sauvetage<\/p>\n\n<p>\u2022 Gilets de sauvetage (adulte et enfant)<\/p>\n\n<p>\u2022 Fus\u00e9es de d\u00e9tresse \u00e0 parachute<\/p>\n\n<p>\u2022 Feux \u00e0 main de d\u00e9tresse<\/p>\n\n<p>\u2022 Signaux fumig\u00e8nes de d\u00e9tresse<\/p>\n\n<p>\u2022 Harnais<\/p>\n\n<div style=\"height:40px\" aria-hidden=\"true\" class=\"wp-block-spacer\"><\/div>\n\n<h3 class=\"wp-block-heading\" id=\"h-primeiros-socorros\">Premiers secours<\/h3>\n\n<div style=\"height:40px\" aria-hidden=\"true\" class=\"wp-block-spacer\"><\/div>\n\n<p>\u2022 Pansements adh\u00e9sifs \u2013 bo\u00eete de 20<\/p>\n\n<p>\u2022 Coton hydrophile \u2013 paquet de 25 g<\/p>\n\n<p>\u2022 Compresses st\u00e9rilis\u00e9es de 10 cm \u00d7 10 cm \u2013 12 unit\u00e9s<\/p>\n\n<p>\u2022 Pommade antiseptique<\/p>\n\n<p>\u2022 Analg\u00e9sique et antipyr\u00e9tique \u2013 20 comprim\u00e9s<\/p>\n\n<p>\u2022 Comprim\u00e9s contre le mal de mer \u2013 20 comprim\u00e9s<\/p>\n\n<p>\u2022 Doigtier<\/p>\n\n<p>\u2022 Bandes de cr\u00eape ou de gaze de 7 cm \u00d7 4 m, avec \u00e9pingle de s\u00fbret\u00e9<\/p>\n\n<p>\u2022 Bandes de cr\u00eape ou de gaze de 15 cm \u00d7 4 m, avec \u00e9pingle de s\u00fbret\u00e9<\/p>\n\n<p>\u2022 Eau oxyg\u00e9n\u00e9e \u2013 250 cm\u00b3<\/p>\n\n<div style=\"height:40px\" aria-hidden=\"true\" class=\"wp-block-spacer\"><\/div>\n","protected":false},"excerpt":{"rendered":"<p>Les normes de s\u00e9curit\u00e9 sont scrupuleusement respect\u00e9es. Les proc\u00e9dures de s\u00e9curit\u00e9 sont expliqu\u00e9es par l\u2019\u00e9quipage avant le d\u00e9but de chaque sortie. <\/p>\n","protected":false},"author":16,"featured_media":0,"parent":0,"menu_order":116,"comment_status":"closed","ping_status":"closed","template":"","meta":{"_acf_changed":false,"footnotes":""},"estilo-lss":[],"hf_cat_page":[],"class_list":["post-66201","page","type-page","status-publish","hentry"],"acf":[],"_links":{"self":[{"href":"https:\/\/wpml.lisbonsightsailing.com\/fr\/wp-json\/wp\/v2\/pages\/66201","targetHints":{"allow":["GET"]}}],"collection":[{"href":"https:\/\/wpml.lisbonsightsailing.com\/fr\/wp-json\/wp\/v2\/pages"}],"about":[{"href":"https:\/\/wpml.lisbonsightsailing.com\/fr\/wp-json\/wp\/v2\/types\/page"}],"author":[{"embeddable":true,"href":"https:\/\/wpml.lisbonsightsailing.com\/fr\/wp-json\/wp\/v2\/users\/16"}],"replies":[{"embeddable":true,"href":"https:\/\/wpml.lisbonsightsailing.com\/fr\/wp-json\/wp\/v2\/comments?post=66201"}],"version-history":[{"count":0,"href":"https:\/\/wpml.lisbonsightsailing.com\/fr\/wp-json\/wp\/v2\/pages\/66201\/revisions"}],"wp:attachment":[{"href":"https:\/\/wpml.lisbonsightsailing.com\/fr\/wp-json\/wp\/v2\/media?parent=66201"}],"wp:term":[{"taxonomy":"estilo-lss","embeddable":true,"href":"https:\/\/wpml.lisbonsightsailing.com\/fr\/wp-json\/wp\/v2\/estilo-lss?post=66201"},{"taxonomy":"hf_cat_page","embeddable":true,"href":"https:\/\/wpml.lisbonsightsailing.com\/fr\/wp-json\/wp\/v2\/hf_cat_page?post=66201"}],"curies":[{"name":"wp","href":"https:\/\/api.w.org\/{rel}","templated":true}]}}