{"id":66198,"date":"2013-09-09T00:13:26","date_gmt":"2013-09-09T00:13:26","guid":{"rendered":"https:\/\/2026.lisbonsightsailing.com\/vues-et-points-dinteret\/"},"modified":"2026-03-21T09:43:42","modified_gmt":"2026-03-21T09:43:42","slug":"vues-et-points-dinteret","status":"publish","type":"page","link":"https:\/\/wpml.lisbonsightsailing.com\/fr\/vues-et-points-dinteret\/","title":{"rendered":"Vues et points d\u2019int\u00e9r\u00eat"},"content":{"rendered":"","protected":false},"excerpt":{"rendered":"<p>Lisbonne se caract\u00e9rise par sa beaut\u00e9 et son pass\u00e9 historico-maritime. Par son climat et sa luminosit\u00e9. Par ses habitants et leurs modes de vie, par sa g\u00e9ographie et son architecture, par ses paysages et ses vues.  <\/p>\n","protected":false},"author":16,"featured_media":0,"parent":0,"menu_order":112,"comment_status":"closed","ping_status":"closed","template":"","meta":{"_acf_changed":false,"footnotes":""},"estilo-lss":[],"hf_cat_page":[],"class_list":["post-66198","page","type-page","status-publish","hentry"],"acf":[],"_links":{"self":[{"href":"https:\/\/wpml.lisbonsightsailing.com\/fr\/wp-json\/wp\/v2\/pages\/66198","targetHints":{"allow":["GET"]}}],"collection":[{"href":"https:\/\/wpml.lisbonsightsailing.com\/fr\/wp-json\/wp\/v2\/pages"}],"about":[{"href":"https:\/\/wpml.lisbonsightsailing.com\/fr\/wp-json\/wp\/v2\/types\/page"}],"author":[{"embeddable":true,"href":"https:\/\/wpml.lisbonsightsailing.com\/fr\/wp-json\/wp\/v2\/users\/16"}],"replies":[{"embeddable":true,"href":"https:\/\/wpml.lisbonsightsailing.com\/fr\/wp-json\/wp\/v2\/comments?post=66198"}],"version-history":[{"count":0,"href":"https:\/\/wpml.lisbonsightsailing.com\/fr\/wp-json\/wp\/v2\/pages\/66198\/revisions"}],"wp:attachment":[{"href":"https:\/\/wpml.lisbonsightsailing.com\/fr\/wp-json\/wp\/v2\/media?parent=66198"}],"wp:term":[{"taxonomy":"estilo-lss","embeddable":true,"href":"https:\/\/wpml.lisbonsightsailing.com\/fr\/wp-json\/wp\/v2\/estilo-lss?post=66198"},{"taxonomy":"hf_cat_page","embeddable":true,"href":"https:\/\/wpml.lisbonsightsailing.com\/fr\/wp-json\/wp\/v2\/hf_cat_page?post=66198"}],"curies":[{"name":"wp","href":"https:\/\/api.w.org\/{rel}","templated":true}]}}