{"id":66188,"date":"2013-11-07T22:08:50","date_gmt":"2013-11-07T22:08:50","guid":{"rendered":"https:\/\/2026.lisbonsightsailing.com\/termes-conditions\/"},"modified":"2026-03-21T09:43:26","modified_gmt":"2026-03-21T09:43:26","slug":"termes-conditions","status":"publish","type":"page","link":"https:\/\/wpml.lisbonsightsailing.com\/fr\/termes-conditions\/","title":{"rendered":"Termes &amp; Conditions"},"content":{"rendered":"\n<h3 class=\"wp-block-heading\" id=\"h-reservas\">R\u00e9servations<\/h3>\n\n<p><\/p>\n\n<p>Les r\u00e9servations se font directement sur <a href=\"https:\/\/wpml.lisbonsightsailing.com\/fr\/\">www.lisbonsightsailing.com<\/a>. \u00c0 la fin du processus, un <em>e-mail<\/em> est envoy\u00e9 au client avec toutes les informations relatives au <em>tour<\/em> choisi. <\/p>\n\n<h3 class=\"wp-block-heading\" id=\"h-pagamentos\">Paiements<\/h3>\n\n<p><\/p>\n\n<p>Les paiements sont effectu\u00e9s au moment de la r\u00e9servation par les moyens suivants : American Express, iDEAL, Mastercard et Visa.<\/p>\n\n<h3 class=\"wp-block-heading\" id=\"h-o-dia-da-experiencia\">Le jour de l&#8217;exp\u00e9rience<\/h3>\n\n<p><\/p>\n\n<p>Nous te remercions de te pr\u00e9senter au lieu d&#8217;embarquement cinq minutes avant l&#8217;heure de d\u00e9part. Apporte ta bonne humeur et ton esprit libre\u2026 \ud83d\ude42 <\/p>\n\n<h3 class=\"wp-block-heading\" id=\"h-cancelamentos\">Annulations<\/h3>\n\n<p><\/p>\n\n<p>En cas de mauvais temps (si le port de Lisbonne est ferm\u00e9 \u00e0 la navigation) :<\/p>\n\n<ul class=\"wp-block-list\">\n<li>Remboursement total du montant pay\u00e9.<\/li>\n<\/ul>\n\n<p>Pour des raisons imputables au client :<\/p>\n\n<ul class=\"wp-block-list\">\n<li>Jusqu\u2019\u00e0 dix jours \u00e0 l\u2019avance : remboursement de 90 % du montant pay\u00e9.<\/li>\n\n\n\n<li>Entre deux et neuf jours \u00e0 l\u2019avance : remboursement de 50 % du montant pay\u00e9.<\/li>\n\n\n\n<li>Moins de 24 heures \u00e0 l\u2019avance : aucun remboursement.<\/li>\n<\/ul>\n\n<h3 class=\"wp-block-heading\" id=\"h-seguros\">Assurances<\/h3>\n\n<p><\/p>\n\n<p>Les exp\u00e9riences que nous proposons sont couvertes par des assurances responsabilit\u00e9 civile et accidents corporels conform\u00e9ment \u00e0 la l\u00e9gislation en vigueur.<\/p>\n","protected":false},"excerpt":{"rendered":"<p>Real Dreams, Lda \u2013 repr\u00e9sent\u00e9e ici sous la marque Lisbon Sight Sailing \u2013 propose diverses options dans le cadre des activit\u00e9s d&#8217;animation touristique. Les conditions g\u00e9n\u00e9rales d&#8217;utilisation des services de Lisbon Sight Sailing sont pr\u00e9sent\u00e9es ci-dessous. <\/p>\n","protected":false},"author":16,"featured_media":0,"parent":0,"menu_order":127,"comment_status":"closed","ping_status":"closed","template":"","meta":{"_acf_changed":false,"footnotes":""},"estilo-lss":[1479],"hf_cat_page":[],"class_list":["post-66188","page","type-page","status-publish","hentry","estilo-lss-paginas-legais"],"acf":[],"_links":{"self":[{"href":"https:\/\/wpml.lisbonsightsailing.com\/fr\/wp-json\/wp\/v2\/pages\/66188","targetHints":{"allow":["GET"]}}],"collection":[{"href":"https:\/\/wpml.lisbonsightsailing.com\/fr\/wp-json\/wp\/v2\/pages"}],"about":[{"href":"https:\/\/wpml.lisbonsightsailing.com\/fr\/wp-json\/wp\/v2\/types\/page"}],"author":[{"embeddable":true,"href":"https:\/\/wpml.lisbonsightsailing.com\/fr\/wp-json\/wp\/v2\/users\/16"}],"replies":[{"embeddable":true,"href":"https:\/\/wpml.lisbonsightsailing.com\/fr\/wp-json\/wp\/v2\/comments?post=66188"}],"version-history":[{"count":0,"href":"https:\/\/wpml.lisbonsightsailing.com\/fr\/wp-json\/wp\/v2\/pages\/66188\/revisions"}],"wp:attachment":[{"href":"https:\/\/wpml.lisbonsightsailing.com\/fr\/wp-json\/wp\/v2\/media?parent=66188"}],"wp:term":[{"taxonomy":"estilo-lss","embeddable":true,"href":"https:\/\/wpml.lisbonsightsailing.com\/fr\/wp-json\/wp\/v2\/estilo-lss?post=66188"},{"taxonomy":"hf_cat_page","embeddable":true,"href":"https:\/\/wpml.lisbonsightsailing.com\/fr\/wp-json\/wp\/v2\/hf_cat_page?post=66188"}],"curies":[{"name":"wp","href":"https:\/\/api.w.org\/{rel}","templated":true}]}}