{"id":66140,"date":"2026-02-27T12:56:29","date_gmt":"2026-02-27T12:56:29","guid":{"rendered":"https:\/\/2026.lisbonsightsailing.com\/marinas-et-docks\/"},"modified":"2026-03-21T09:45:12","modified_gmt":"2026-03-21T09:45:12","slug":"marinas-et-docks","status":"publish","type":"page","link":"https:\/\/wpml.lisbonsightsailing.com\/fr\/marinas-et-docks\/","title":{"rendered":"Marinas et docks"},"content":{"rendered":"","protected":false},"excerpt":{"rendered":"<p>D\u00e9couvre les partenaires d\u2019excellence de Lisbon Sight Sailing. Nous s\u00e9lectionnons des entreprises de confiance qui partagent nos valeurs, garantissant que ton exp\u00e9rience \u00e0 Lisbonne soit toujours m\u00e9morable et s\u00fbre. <\/p>\n","protected":false},"author":1,"featured_media":0,"parent":0,"menu_order":1,"comment_status":"closed","ping_status":"closed","template":"","meta":{"_acf_changed":false,"footnotes":""},"estilo-lss":[],"hf_cat_page":[],"class_list":["post-66140","page","type-page","status-publish","hentry"],"acf":[],"_links":{"self":[{"href":"https:\/\/wpml.lisbonsightsailing.com\/fr\/wp-json\/wp\/v2\/pages\/66140","targetHints":{"allow":["GET"]}}],"collection":[{"href":"https:\/\/wpml.lisbonsightsailing.com\/fr\/wp-json\/wp\/v2\/pages"}],"about":[{"href":"https:\/\/wpml.lisbonsightsailing.com\/fr\/wp-json\/wp\/v2\/types\/page"}],"author":[{"embeddable":true,"href":"https:\/\/wpml.lisbonsightsailing.com\/fr\/wp-json\/wp\/v2\/users\/1"}],"replies":[{"embeddable":true,"href":"https:\/\/wpml.lisbonsightsailing.com\/fr\/wp-json\/wp\/v2\/comments?post=66140"}],"version-history":[{"count":0,"href":"https:\/\/wpml.lisbonsightsailing.com\/fr\/wp-json\/wp\/v2\/pages\/66140\/revisions"}],"wp:attachment":[{"href":"https:\/\/wpml.lisbonsightsailing.com\/fr\/wp-json\/wp\/v2\/media?parent=66140"}],"wp:term":[{"taxonomy":"estilo-lss","embeddable":true,"href":"https:\/\/wpml.lisbonsightsailing.com\/fr\/wp-json\/wp\/v2\/estilo-lss?post=66140"},{"taxonomy":"hf_cat_page","embeddable":true,"href":"https:\/\/wpml.lisbonsightsailing.com\/fr\/wp-json\/wp\/v2\/hf_cat_page?post=66140"}],"curies":[{"name":"wp","href":"https:\/\/api.w.org\/{rel}","templated":true}]}}