{"id":40137,"date":"2013-11-07T22:08:50","date_gmt":"2013-11-07T22:08:50","guid":{"rendered":"https:\/\/lisbonsightsailing.com\/terminos-y-condiciones\/"},"modified":"2026-03-21T09:43:26","modified_gmt":"2026-03-21T09:43:26","slug":"terminos-y-condiciones","status":"publish","type":"page","link":"https:\/\/wpml.lisbonsightsailing.com\/es\/terminos-y-condiciones\/","title":{"rendered":"T\u00e9rminos y condiciones"},"content":{"rendered":"\n<h3 class=\"wp-block-heading\" id=\"h-reservas\">Reservas<\/h3>\n\n<p><\/p>\n\n<p>Las reservas se realizan directamente en <a href=\"https:\/\/wpml.lisbonsightsailing.com\/es\/\">www.lisbonsightsailing.com<\/a>. Al finalizar el proceso se env\u00eda un <em>email<\/em> al cliente con toda la informaci\u00f3n relativa al <em>tour<\/em> elegido. <\/p>\n\n<h3 class=\"wp-block-heading\" id=\"h-pagamentos\">Pagos<\/h3>\n\n<p><\/p>\n\n<p>Los pagos se realizan en el momento de la reserva a trav\u00e9s de los siguientes medios: American Express, iDEAL, Mastercard y Visa.<\/p>\n\n<h3 class=\"wp-block-heading\" id=\"h-o-dia-da-experiencia\">El d\u00eda de la experiencia<\/h3>\n\n<p><\/p>\n\n<p>Te agradecemos que te presentes en el lugar de embarque cinco minutos antes de la hora de salida. Trae buen humor y el esp\u00edritu libre\u2026 \ud83d\ude42 <\/p>\n\n<h3 class=\"wp-block-heading\" id=\"h-cancelamentos\">Cancelaciones<\/h3>\n\n<p><\/p>\n\n<p>Por mal tiempo (si el Puerto de Lisboa cierra a la navegaci\u00f3n):<\/p>\n\n<ul class=\"wp-block-list\">\n<li>Reembolso total del importe pagado.<\/li>\n<\/ul>\n\n<p>Por motivos imputables al cliente:<\/p>\n\n<ul class=\"wp-block-list\">\n<li>Hasta diez d\u00edas de antelaci\u00f3n: reembolso del 90% del importe pagado.<\/li>\n\n\n\n<li>Entre dos y nueve d\u00edas de antelaci\u00f3n: reembolso del 50% del importe pagado.<\/li>\n\n\n\n<li>Con menos de 24 horas de antelaci\u00f3n: sin reembolso.<\/li>\n<\/ul>\n\n<h3 class=\"wp-block-heading\" id=\"h-seguros\">Seguros<\/h3>\n\n<p><\/p>\n\n<p>Las experiencias que ofrecemos est\u00e1n protegidas por seguros de responsabilidad civil y de accidentes personales de acuerdo con la legislaci\u00f3n vigente.<\/p>\n","protected":false},"excerpt":{"rendered":"<p>Real Dreams, Lda \u2013 aqu\u00ed representada en la marca Lisbon Sight Sailing \u2013 ofrece diversas opciones en el \u00e1mbito de las actividades de animaci\u00f3n tur\u00edstica. Los t\u00e9rminos y condiciones de uso de los servicios de Lisbon Sight Sailing se presentan a continuaci\u00f3n. <\/p>\n","protected":false},"author":16,"featured_media":38692,"parent":0,"menu_order":126,"comment_status":"closed","ping_status":"closed","template":"","meta":{"_acf_changed":false,"footnotes":""},"estilo-lss":[1479],"hf_cat_page":[],"class_list":["post-40137","page","type-page","status-publish","has-post-thumbnail","hentry","estilo-lss-paginas-legais"],"acf":[],"_links":{"self":[{"href":"https:\/\/wpml.lisbonsightsailing.com\/es\/wp-json\/wp\/v2\/pages\/40137","targetHints":{"allow":["GET"]}}],"collection":[{"href":"https:\/\/wpml.lisbonsightsailing.com\/es\/wp-json\/wp\/v2\/pages"}],"about":[{"href":"https:\/\/wpml.lisbonsightsailing.com\/es\/wp-json\/wp\/v2\/types\/page"}],"author":[{"embeddable":true,"href":"https:\/\/wpml.lisbonsightsailing.com\/es\/wp-json\/wp\/v2\/users\/16"}],"replies":[{"embeddable":true,"href":"https:\/\/wpml.lisbonsightsailing.com\/es\/wp-json\/wp\/v2\/comments?post=40137"}],"version-history":[{"count":0,"href":"https:\/\/wpml.lisbonsightsailing.com\/es\/wp-json\/wp\/v2\/pages\/40137\/revisions"}],"wp:featuredmedia":[{"embeddable":true,"href":"https:\/\/wpml.lisbonsightsailing.com\/es\/wp-json\/wp\/v2\/media\/38692"}],"wp:attachment":[{"href":"https:\/\/wpml.lisbonsightsailing.com\/es\/wp-json\/wp\/v2\/media?parent=40137"}],"wp:term":[{"taxonomy":"estilo-lss","embeddable":true,"href":"https:\/\/wpml.lisbonsightsailing.com\/es\/wp-json\/wp\/v2\/estilo-lss?post=40137"},{"taxonomy":"hf_cat_page","embeddable":true,"href":"https:\/\/wpml.lisbonsightsailing.com\/es\/wp-json\/wp\/v2\/hf_cat_page?post=40137"}],"curies":[{"name":"wp","href":"https:\/\/api.w.org\/{rel}","templated":true}]}}