{"id":40135,"date":"2013-11-05T23:22:42","date_gmt":"2013-11-05T23:22:42","guid":{"rendered":"https:\/\/lisbonsightsailing.com\/seguridad-y-equipos\/"},"modified":"2026-03-21T09:46:24","modified_gmt":"2026-03-21T09:46:24","slug":"seguridad-y-equipos","status":"publish","type":"page","link":"https:\/\/wpml.lisbonsightsailing.com\/es\/seguridad-y-equipos\/","title":{"rendered":"Seguridad y Equipamiento"},"content":{"rendered":"\n<p>Los barcos est\u00e1n equipados con medios de salvamento, equipo de radio, botiqu\u00edn de primeros auxilios y diverso equipamiento de acuerdo con la legislaci\u00f3n vigente. Independientemente de estos cuidados, los pasajeros y la tripulaci\u00f3n est\u00e1n protegidos por seguros de responsabilidad civil y de accidentes personales. <\/p>\n\n<div style=\"height:40px\" aria-hidden=\"true\" class=\"wp-block-spacer\"><\/div>\n\n<h3 class=\"wp-block-heading\" id=\"h-equipamento-diverso\">Equipamiento diverso<\/h3>\n\n<div style=\"height:40px\" aria-hidden=\"true\" class=\"wp-block-spacer\"><\/div>\n\n<p>\u2022 Bomba de achique<\/p>\n\n<p>\u2022 Extintores de 1 kg de polvo qu\u00edmico<\/p>\n\n<p>\u2022 Extintores de 2 kg de polvo qu\u00edmico<\/p>\n\n<p>\u2022 Aguja magn\u00e9tica de gobierno<\/p>\n\n<p>\u2022 Aparato de marcar azimutes<\/p>\n\n<p>\u2022 Cartas de navegaci\u00f3n actualizadas<\/p>\n\n<p>\u2022 Reflector de radar<\/p>\n\n<p>\u2022 Bocina, campana, etc.<\/p>\n\n<p>\u2022 Anclas \/ Rezones<\/p>\n\n<p>\u2022 Cabos de amarre y remolque<\/p>\n\n<p>\u2022 Navaja de punta redonda<\/p>\n\n<p>\u2022 Linterna estanca y juego de pilas<\/p>\n\n<p>\u2022 Bombilla de repuesto y juego de pilas<\/p>\n\n<p>\u2022 Heli\u00f3grafo<\/p>\n\n<p>\u2022 Escala de acceso<\/p>\n\n<p>\u2022 Farmacia<\/p>\n\n<div style=\"height:40px\" aria-hidden=\"true\" class=\"wp-block-spacer\"><\/div>\n\n<h3 class=\"wp-block-heading\" id=\"h-equipamento-radio\">Equipo de radio<\/h3>\n\n<div style=\"height:40px\" aria-hidden=\"true\" class=\"wp-block-spacer\"><\/div>\n\n<p>\u2022 VHF (Radiotelefon\u00eda) + Llamada Selectiva Digital<\/p>\n\n<p>\u2022 Fuente de energ\u00eda de reserva (m\u00e1s de 15 m)<\/p>\n\n<div style=\"height:40px\" aria-hidden=\"true\" class=\"wp-block-spacer\"><\/div>\n\n<h3 class=\"wp-block-heading\" id=\"h-meios-de-salvacao\">Medios de salvamento<\/h3>\n\n<div style=\"height:40px\" aria-hidden=\"true\" class=\"wp-block-spacer\"><\/div>\n\n<p>\u2022 Balsa neum\u00e1tica o balsa hinchable<\/p>\n\n<p>\u2022 Aro salvavidas<\/p>\n\n<p>\u2022 Chalecos salvavidas (adulto y ni\u00f1o)<\/p>\n\n<p>\u2022 Se\u00f1ales de socorro: cohetes lanzabengalas con paraca\u00eddas<\/p>\n\n<p>\u2022 Se\u00f1ales de socorro: bengalas de mano<\/p>\n\n<p>\u2022 Se\u00f1ales de socorro: se\u00f1ales fum\u00edgenas<\/p>\n\n<p>\u2022 Arneses<\/p>\n\n<div style=\"height:40px\" aria-hidden=\"true\" class=\"wp-block-spacer\"><\/div>\n\n<h3 class=\"wp-block-heading\" id=\"h-primeiros-socorros\">Primeros auxilios<\/h3>\n\n<div style=\"height:40px\" aria-hidden=\"true\" class=\"wp-block-spacer\"><\/div>\n\n<p>\u2022 Tiritas \u2013 caja de 20<\/p>\n\n<p>\u2022 Algod\u00f3n hidr\u00f3filo \u2013 paquete de 25 g<\/p>\n\n<p>\u2022 Compresas est\u00e9riles de 10 cm x 10 cm \u2013 12 unidades<\/p>\n\n<p>\u2022 Pomada antis\u00e9ptica<\/p>\n\n<p>\u2022 Analg\u00e9sico y antipir\u00e9tico \u2013 20 comprimidos<\/p>\n\n<p>\u2022 Pastillas para el mareo \u2013 20 comprimidos<\/p>\n\n<p>\u2022 Dedil<\/p>\n\n<p>\u2022 Vendas de crep\u00e9 o gasa de 7 cm x 4 m, con imperdible<\/p>\n\n<p>\u2022 Vendas de crep\u00e9 o gasa de 15 cm x 4 m, con imperdible<\/p>\n\n<p>\u2022 Agua oxigenada \u2013 250 cm\u00b3<\/p>\n\n<div style=\"height:40px\" aria-hidden=\"true\" class=\"wp-block-spacer\"><\/div>\n","protected":false},"excerpt":{"rendered":"<p>Las normas de seguridad se respetan escrupulosamente. La tripulaci\u00f3n explica los procedimientos de seguridad antes del inicio de cada viaje. <\/p>\n","protected":false},"author":16,"featured_media":38840,"parent":0,"menu_order":114,"comment_status":"closed","ping_status":"closed","template":"","meta":{"_acf_changed":false,"footnotes":""},"estilo-lss":[],"hf_cat_page":[],"class_list":["post-40135","page","type-page","status-publish","has-post-thumbnail","hentry"],"acf":[],"_links":{"self":[{"href":"https:\/\/wpml.lisbonsightsailing.com\/es\/wp-json\/wp\/v2\/pages\/40135","targetHints":{"allow":["GET"]}}],"collection":[{"href":"https:\/\/wpml.lisbonsightsailing.com\/es\/wp-json\/wp\/v2\/pages"}],"about":[{"href":"https:\/\/wpml.lisbonsightsailing.com\/es\/wp-json\/wp\/v2\/types\/page"}],"author":[{"embeddable":true,"href":"https:\/\/wpml.lisbonsightsailing.com\/es\/wp-json\/wp\/v2\/users\/16"}],"replies":[{"embeddable":true,"href":"https:\/\/wpml.lisbonsightsailing.com\/es\/wp-json\/wp\/v2\/comments?post=40135"}],"version-history":[{"count":0,"href":"https:\/\/wpml.lisbonsightsailing.com\/es\/wp-json\/wp\/v2\/pages\/40135\/revisions"}],"wp:featuredmedia":[{"embeddable":true,"href":"https:\/\/wpml.lisbonsightsailing.com\/es\/wp-json\/wp\/v2\/media\/38840"}],"wp:attachment":[{"href":"https:\/\/wpml.lisbonsightsailing.com\/es\/wp-json\/wp\/v2\/media?parent=40135"}],"wp:term":[{"taxonomy":"estilo-lss","embeddable":true,"href":"https:\/\/wpml.lisbonsightsailing.com\/es\/wp-json\/wp\/v2\/estilo-lss?post=40135"},{"taxonomy":"hf_cat_page","embeddable":true,"href":"https:\/\/wpml.lisbonsightsailing.com\/es\/wp-json\/wp\/v2\/hf_cat_page?post=40135"}],"curies":[{"name":"wp","href":"https:\/\/api.w.org\/{rel}","templated":true}]}}