{"id":40110,"date":"2013-09-09T00:13:26","date_gmt":"2013-09-09T00:13:26","guid":{"rendered":"https:\/\/lisbonsightsailing.com\/vistas-y-puntos-de-interes\/"},"modified":"2026-03-21T09:43:42","modified_gmt":"2026-03-21T09:43:42","slug":"vistas-y-puntos-de-interes","status":"publish","type":"page","link":"https:\/\/wpml.lisbonsightsailing.com\/es\/vistas-y-puntos-de-interes\/","title":{"rendered":"Vistas y puntos de inter\u00e9s"},"content":{"rendered":"","protected":false},"excerpt":{"rendered":"<p>Lisboa se caracteriza por su belleza y su pasado hist\u00f3rico-mar\u00edtimo. Por su clima y luminosidad. Por sus gentes y modos de vida, por su geograf\u00eda y arquitectura, por sus paisajes y vistas.  <\/p>\n","protected":false},"author":16,"featured_media":0,"parent":0,"menu_order":112,"comment_status":"closed","ping_status":"closed","template":"","meta":{"_acf_changed":false,"footnotes":""},"estilo-lss":[],"hf_cat_page":[],"class_list":["post-40110","page","type-page","status-publish","hentry"],"acf":[],"_links":{"self":[{"href":"https:\/\/wpml.lisbonsightsailing.com\/es\/wp-json\/wp\/v2\/pages\/40110","targetHints":{"allow":["GET"]}}],"collection":[{"href":"https:\/\/wpml.lisbonsightsailing.com\/es\/wp-json\/wp\/v2\/pages"}],"about":[{"href":"https:\/\/wpml.lisbonsightsailing.com\/es\/wp-json\/wp\/v2\/types\/page"}],"author":[{"embeddable":true,"href":"https:\/\/wpml.lisbonsightsailing.com\/es\/wp-json\/wp\/v2\/users\/16"}],"replies":[{"embeddable":true,"href":"https:\/\/wpml.lisbonsightsailing.com\/es\/wp-json\/wp\/v2\/comments?post=40110"}],"version-history":[{"count":0,"href":"https:\/\/wpml.lisbonsightsailing.com\/es\/wp-json\/wp\/v2\/pages\/40110\/revisions"}],"wp:attachment":[{"href":"https:\/\/wpml.lisbonsightsailing.com\/es\/wp-json\/wp\/v2\/media?parent=40110"}],"wp:term":[{"taxonomy":"estilo-lss","embeddable":true,"href":"https:\/\/wpml.lisbonsightsailing.com\/es\/wp-json\/wp\/v2\/estilo-lss?post=40110"},{"taxonomy":"hf_cat_page","embeddable":true,"href":"https:\/\/wpml.lisbonsightsailing.com\/es\/wp-json\/wp\/v2\/hf_cat_page?post=40110"}],"curies":[{"name":"wp","href":"https:\/\/api.w.org\/{rel}","templated":true}]}}